{"id":419,"date":"2020-05-12T18:56:14","date_gmt":"2020-05-12T18:56:14","guid":{"rendered":"https:\/\/kmkinga.ro\/?page_id=419"},"modified":"2023-03-09T21:35:54","modified_gmt":"2023-03-09T21:35:54","slug":"gyakran-ismetlodo-kerdesek","status":"publish","type":"page","link":"https:\/\/kmkinga.ro\/index.php\/gyakran-ismetlodo-kerdesek\/","title":{"rendered":"Gyakran ism\u00e9tl\u0151d\u0151 k\u00e9rd\u00e9sek"},"content":{"rendered":"\n<div class=\"is-layout-flex wp-container-3 wp-block-columns\">\n<div class=\"is-layout-flow wp-block-column\">\n<figure class=\"wp-block-image size-large\"><a href=\"https:\/\/kmkinga.ro\/index.php\/gyakorikerdesekugyvedi\/\"><img fetchpriority=\"high\" decoding=\"async\" width=\"1024\" height=\"230\" src=\"https:\/\/kmkinga.ro\/wp-content\/uploads\/2020\/05\/ugyvedi-1024x230.png\" alt=\"\" class=\"wp-image-400\" srcset=\"https:\/\/kmkinga.ro\/wp-content\/uploads\/2020\/05\/ugyvedi-1024x230.png 1024w, https:\/\/kmkinga.ro\/wp-content\/uploads\/2020\/05\/ugyvedi-300x67.png 300w, https:\/\/kmkinga.ro\/wp-content\/uploads\/2020\/05\/ugyvedi-768x172.png 768w, https:\/\/kmkinga.ro\/wp-content\/uploads\/2020\/05\/ugyvedi-1536x345.png 1536w, https:\/\/kmkinga.ro\/wp-content\/uploads\/2020\/05\/ugyvedi-2048x460.png 2048w\" sizes=\"(max-width: 1024px) 100vw, 1024px\" \/><\/a><\/figure>\n<\/div>\n\n\n\n<div class=\"is-layout-flow wp-block-column\">\n<figure class=\"wp-block-image size-large\"><a href=\"https:\/\/kmkinga.ro\/index.php\/gyakorikerdesekmediacio\/\"><img decoding=\"async\" width=\"1024\" height=\"230\" src=\"https:\/\/kmkinga.ro\/wp-content\/uploads\/2020\/05\/mediatori-1024x230.png\" alt=\"\" class=\"wp-image-399\" srcset=\"https:\/\/kmkinga.ro\/wp-content\/uploads\/2020\/05\/mediatori-1024x230.png 1024w, https:\/\/kmkinga.ro\/wp-content\/uploads\/2020\/05\/mediatori-300x67.png 300w, https:\/\/kmkinga.ro\/wp-content\/uploads\/2020\/05\/mediatori-768x172.png 768w, https:\/\/kmkinga.ro\/wp-content\/uploads\/2020\/05\/mediatori-1536x345.png 1536w, https:\/\/kmkinga.ro\/wp-content\/uploads\/2020\/05\/mediatori-2048x460.png 2048w\" sizes=\"(max-width: 1024px) 100vw, 1024px\" \/><\/a><\/figure>\n<\/div>\n<\/div>\n","protected":false},"excerpt":{"rendered":"","protected":false},"author":2,"featured_media":0,"parent":0,"menu_order":0,"comment_status":"closed","ping_status":"closed","template":"","meta":[],"_links":{"self":[{"href":"https:\/\/kmkinga.ro\/index.php\/wp-json\/wp\/v2\/pages\/419"}],"collection":[{"href":"https:\/\/kmkinga.ro\/index.php\/wp-json\/wp\/v2\/pages"}],"about":[{"href":"https:\/\/kmkinga.ro\/index.php\/wp-json\/wp\/v2\/types\/page"}],"author":[{"embeddable":true,"href":"https:\/\/kmkinga.ro\/index.php\/wp-json\/wp\/v2\/users\/2"}],"replies":[{"embeddable":true,"href":"https:\/\/kmkinga.ro\/index.php\/wp-json\/wp\/v2\/comments?post=419"}],"version-history":[{"count":4,"href":"https:\/\/kmkinga.ro\/index.php\/wp-json\/wp\/v2\/pages\/419\/revisions"}],"predecessor-version":[{"id":682,"href":"https:\/\/kmkinga.ro\/index.php\/wp-json\/wp\/v2\/pages\/419\/revisions\/682"}],"wp:attachment":[{"href":"https:\/\/kmkinga.ro\/index.php\/wp-json\/wp\/v2\/media?parent=419"}],"curies":[{"name":"wp","href":"https:\/\/api.w.org\/{rel}","templated":true}]}}